{"id":5672477,"date":"2024-07-14T13:55:03","date_gmt":"2024-07-14T13:55:03","guid":{"rendered":"https:\/\/cpg.ihub4.dev\/?page_id=5672477"},"modified":"2024-09-14T06:11:29","modified_gmt":"2024-09-14T06:11:29","slug":"i-nostri-gruppi","status":"publish","type":"page","link":"https:\/\/www.centropapagiovanni.ch\/index.php\/i-nostri-gruppi\/","title":{"rendered":"I Nostri Gruppi"},"content":{"rendered":"<section class=\"wpb-content-wrapper\">[vc_row][vc_column]<div class=\"norebro-heading-sc heading text-left\"\n\tid=\"norebro-custom-69fd3db3475d3\" \n\t \n\t>\n\t\n\t\t\t<p class=\"subtitle\">\n\t\t\t\t\t<\/p>\n\t\n\t\n\t<h1 class=\"title subtitle-top\">\n\t\tI Nostri Gruppi\t<\/h1>\n\n\t\n\t\t\n<\/div>[vc_empty_space]<div class=\"norebro-text-sc \" \n\tid=\"norebro-custom-69fd3db347715\" \n\t \n\t>\n\n\t<p><strong>Corale della MCLI Papa Giovanni XXIII<\/strong><br \/>\nQuesta corale ha una lunga tradizione nella nostra comunit\u00e0 di Missione. Per la gioia dei fedeli, mediante la musica sacra ed il bel canto, essa anima tante nostre liturgie solenni e festive nel corso dell\u2019anno liturgico. Le prove si tengono ogni venerd\u00ec sera alle ore 19.45 nel nuovo Centro Papa Giovanni. Per ulteriori informazioni potete prendere contatto con l\u2019Organista e Dirigente Maestro Salvatore Car\u00e9.<\/p>\n<p><strong>Coro Giovanile \u201dLe Note Libere\u201d<br \/>\n<\/strong>Si tratta di un coro formato prevalentemente da giovani donne, che anima le liturgie e le altre occasioni di festa promosse dalla nostra parrocchia con musiche e canti pi\u00f9 moderni e ritmati. Esso si ritrova ogni luned\u00ec sera per le prove presso il Centro Papa Giovanni alle ore 19.30. Per ulteriori informazioni potete prendere contatto con suor Selvije.<\/p>\n<p><strong>Diaconia<\/strong><br \/>\nDiverse persone volenterose si impegnano a fare visita regolarmente, con grande sensibilit\u00e0 e rispetto, ai malati ed anziani che sono degenti negli ospedali, nelle case di cura ed in quelle per anziani in tutto il Cantone. Recando aiuto e conforto morale, esso offre una grande testimonianza di amore verso il prossimo. Per informazioni potete prendere contatto con don Stefano oppure Giuseppe Mastrorocco.<\/p>\n<p><strong>Dinamico<\/strong><br \/>\nIl Gruppo Dinamico fa s\u00ec che la festa possa continuare anche al termine della celebrazione eucaristica. Esso \u00e8 costituito da circa quaranta volontari, uomini e donne, che s\u2019impegnano a preparare e servire gli aperitivi ai fedeli dopo le SS. Messe domenicali oppure a conclusione di altri eventi particolari e significativi per la vita della nostra Missione.<br \/>\nQuesto gruppo \u00e8 aperto a tutte le persone di buona volont\u00e0, che desiderano offrire un po\u2019 del proprio tempo libero al servizio del prossimo. Chi fosse interessato a farne parte, pu\u00f2 contattare direttamente don Stefano.<\/p>\n<p><strong>Donne<\/strong><br \/>\nIl gruppo donne esiste gi\u00e0 da qualche anno. Si incontrano due venerd\u00ec al mese presso il Centro Papa Giovanni.<br \/>\nSi dedicano un po&#8217; a tutto, dai lavoretti decorativi alla cucina. In ogni incontro si fanno diverse attivit\u00e0 ricreative. \u00c8 bello stare insieme e passare delle ore spensierate. Per ulteriori informazioni potete prendere contatto con suor Selvije.<br \/>\nInoltre mensilmente ha luogo anche un \u201cincontro aperto a tutte le donne\u201d di qualsiasi et\u00e0 nel quale si cerca di coinvolgere anche un professionista ad esempio un psicologo piuttosto che una ginecologa.<\/p>\n<p><strong>Giovanile<\/strong><br \/>\nIl gruppo giovanile \u00e8 composto da un folto gruppo di ragazzi compresi tra i 16 ed i 30 anni. Esso ha un direttivo formato da animatrici e giovani con i quali si programmano le varie attivit\u00e0 durante l\u2019anno pastorale. Il gruppo giovani si incontra ogni domenica alle ore 18.00 presso il Centro Papa Giovanni.<\/p>\n<p><strong>Il gruppo del mercoled\u00ec<br \/>\n<\/strong>Questo gruppo si \u00e8 costituito nel 2009 ed \u00e8 nato dall\u2019esigenza di alcune persone della nostra Comunit\u00e0 di incontrarsi e trascorrere diversamente un po\u2019 del loro tempo libero. Questo gruppo \u00e8 formato da circa 30 persone (italiani, svizzeri, portoghesi e spagnoli) che animati da tanto entusiasmo e buona volont\u00e0 si incontra ogni Mercoledi dalle ore 14.30 presso il Centro parrocchiale di Sursee. Ci si incontra in un clima di serenit\u00e0, senza pregiudizi e con l\u2019intento di arricchirsi nel corpo e nello spirito. Infatti il gruppo programma mensilmente tanti momenti utili e creativi: ci si tiene in forma con la ginnastica, ci si allena la mente con la lettura, gli approfondimenti di carattere culturale, medico, regionale, e religioso; si canta e naturalmente non pu\u00f2 mancare la parte gastronomica, la buona cucina. Per informazioni potete prendere contatto con don Stefano.<\/p>\n<p><strong>Ministranti<\/strong><br \/>\n\u00c8 costituito da circa 25 ragazzi\/e che ogni domenica e festivit\u00e0 svolgono un vero e proprio ministero liturgico, impegnandosi a servire all\u2019altare durante le Sante Messe. I ragazzi\/e si incontrano anche durante l&#8217;anno per alcuni momenti formativi liturgici ma anche per partecipare alla gita annuale e ai vari momenti ricreativi proposti dai coordinatori.<\/p>\n<p><strong>OrAtOrIo<\/strong><br \/>\nDa alcuni anni nella nostra Missione abbiamo l&#8217;onore di poter fare un cammino insieme a diverse famiglie. L&#8217;OrAtOrIo \u00e8 cos\u00ec vivo, grazie proprio al contributo di tante mamme volenterose. Con loro si fa tutta la programmazione e si decidono le diverse attivit\u00e0.<br \/>\nCi incontriamo tutti i mercoled\u00ec per mamme e bambini da 0-11anni dalle ore 14.00-17.00 circa presso il Centro Papa Giovanni.<br \/>\nInvece per ragazzi \u201cTeens\u201d dai 12-16 anni ci incontriamo tutti i venerd\u00ec dalle ore 20.00-22.00 circa presso il Centro Papa Giovanni.<br \/>\nPer qualsiasi informazione potete prendere contatto con Maria Carminitana scrivendo una mail.<\/p>\n<p><strong>Pensionati<\/strong><br \/>\n\u00c8 un gruppo aperto a tutti i pensionati, che abitano nella citt\u00e0 di Lucerna e nei comuni limitrofi. Il gruppo formato da circa 30 persone si ritrova una volta alla settimana, il gioved\u00ec pomeriggio, dalle ore 14.00 alle ore 17.00, presso la parrocchia san Paolo di Lucerna. Mensilmente don Stefano celebra l\u2019Eucaristia e cura anche alcuni momenti formativi.<br \/>\nEsso ha l\u2019obiettivo di favorire l\u2019incontro delle persone della terza et\u00e0, che possono trascorrere insieme qualche ora in serenit\u00e0 e allegria. Attraverso incontri con esperti, proiezioni, dibattiti e visite guidate i partecipanti hanno altres\u00ec modo di migliorare la propria formazione culturale e religiosa.<br \/>\nIl gruppo pensionati \u00e8 guidato da un direttivo, il quale ha il compito di suggerire e proporre il programma delle attivit\u00e0, che verranno svolte durante gli incontri.<br \/>\nReferenti del gruppo pensionati di Lucerna sono: Angelo Farina e suor Selvije.<\/p>\n<p><strong>Pensionati di Emmenbr\u00fccke<\/strong><br \/>\n\u00c8 un gruppo molto numeroso formato di 80 persone ed \u00e8 solito incontrarsi il marted\u00ec pomeriggio presso il nostro Centro Papa Giovanni, a partire dalle ore 14.00. Durante questi incontri i pensionati hanno l\u2019opportunit\u00e0 di trascorrere qualche oretta in buona compagnia, di giocare, divertirsi ed anche di conoscere ed imparare tante cose nuove grazie alle tante iniziative promosse dal gruppo nel corso dell\u2019anno, tra cui anche un corso di ginnastica posturale. Mensilmente il missionario celebra l&#8217;Eucaristia e curano alcuni momenti formativi.<br \/>\nIl gruppo \u00e8 guidato da un direttivo: per ulteriori informazioni potete prendere contatto con suor Selvije.<\/p>\n<p>Il Gruppo pensionati di Reiden \u00e8 formato da una trentina di persone che s\u2019incontrano rispettivamente un luned\u00ec al mese a Reiden. Esso \u00e8 guidato da un direttivo, che promuove momenti di amicizia, dialogo, tempo libero, spazi dedicati alla spiritualit\u00e0 e alla riflessione. Gli incontri cominciano con un momento di preghiera e proseguono con un\u2019attivit\u00e0 diversa ogni volta. L\u2019intento \u00e8 quello di offrire un\u2019occasione d\u2019incontro ai tanti pensionati che fanno riferimento alla nostra Missione: creare un legame tra le persone, dare la possibilit\u00e0 di parlare e condividere esperienze, gioie e dolori della vita.<br \/>\nPer qualsiasi ulteriore informazione contattare suor Selvije.<\/p>\n\t\n<\/div>[\/vc_column][\/vc_row]\n<\/section>","protected":false},"excerpt":{"rendered":"<p>[vc_row][vc_column][vc_empty_space][\/vc_column][\/vc_row]<\/p>\n","protected":false},"author":1,"featured_media":0,"parent":0,"menu_order":0,"comment_status":"closed","ping_status":"closed","template":"","meta":{"footnotes":""},"class_list":["post-5672477","page","type-page","status-publish","hentry"],"_links":{"self":[{"href":"https:\/\/www.centropapagiovanni.ch\/index.php\/wp-json\/wp\/v2\/pages\/5672477","targetHints":{"allow":["GET"]}}],"collection":[{"href":"https:\/\/www.centropapagiovanni.ch\/index.php\/wp-json\/wp\/v2\/pages"}],"about":[{"href":"https:\/\/www.centropapagiovanni.ch\/index.php\/wp-json\/wp\/v2\/types\/page"}],"author":[{"embeddable":true,"href":"https:\/\/www.centropapagiovanni.ch\/index.php\/wp-json\/wp\/v2\/users\/1"}],"replies":[{"embeddable":true,"href":"https:\/\/www.centropapagiovanni.ch\/index.php\/wp-json\/wp\/v2\/comments?post=5672477"}],"version-history":[{"count":6,"href":"https:\/\/www.centropapagiovanni.ch\/index.php\/wp-json\/wp\/v2\/pages\/5672477\/revisions"}],"predecessor-version":[{"id":5673315,"href":"https:\/\/www.centropapagiovanni.ch\/index.php\/wp-json\/wp\/v2\/pages\/5672477\/revisions\/5673315"}],"wp:attachment":[{"href":"https:\/\/www.centropapagiovanni.ch\/index.php\/wp-json\/wp\/v2\/media?parent=5672477"}],"curies":[{"name":"wp","href":"https:\/\/api.w.org\/{rel}","templated":true}]}}