{"id":5672519,"date":"2024-07-14T19:34:03","date_gmt":"2024-07-14T19:34:03","guid":{"rendered":"https:\/\/cpg.ihub4.dev\/?page_id=5672519"},"modified":"2026-04-02T19:21:25","modified_gmt":"2026-04-02T19:21:25","slug":"unzione-dei-malati","status":"publish","type":"page","link":"https:\/\/www.centropapagiovanni.ch\/index.php\/sacramenti\/unzione-dei-malati\/","title":{"rendered":"Unzione dei malati"},"content":{"rendered":"<section class=\"wpb-content-wrapper\">[vc_row][vc_column][vc_empty_space]<div class=\"norebro-heading-sc heading text-left\"\n\tid=\"norebro-custom-69f73cb8358f3\" \n\t \n\t>\n\t\n\t\n\t\n\t<h1 class=\"title\">\n\t\tUnzione dei malati\t<\/h1>\n\n\t\n\t\t\t<p class=\"subtitle\">\n\t\t\tI sacramenti comunicano la grazia santificante di Dio attraverso segni e preghiere, che li caratterizzano. Nascono dall\u2019insegnamento di Ges\u00f9, e degli Apostoli. Nella chiesa cattolica sono 7 e ci accompagnano e ci sostengono per tutto il cammino della nostra vita.\t\t<\/p>\n\t\t\n<\/div>[vc_empty_space]<div class=\"norebro-text-sc \" \n\tid=\"norebro-custom-69f73cb835a34\" \n\t \n\t>\n\n\t<p>L\u2019unzione dei malati \u00e8 un sacramento che va amministrato ai vivi e non ai morti.<\/p>\n<p>E\u2019 il sacramento della Guarigione del corpo e dello spirito, inoltre conferisce il perdono di tutti i peccati e rende presente l\u2019amore di Cristo a coloro che soffrono a causa della malattia o della loro et\u00e0 avanzata. Nel corso della vita pu\u00f2 essere conferito pi\u00f9 volte a secondo della necessit\u00e0.<\/p>\n<p><strong>Per richiedere una presenza del sacerdote<\/strong> e quindi <strong>l\u2019unzione di malati<\/strong> vi preghiamo di <strong>prendere contatto con il nostro <a href=\"\/index.php\/contatti\/\">segretariato<\/a><\/strong> allo <strong>041 269 69 69<\/strong> oppure direttamente con <strong><a href=\"\/index.php\/contatti\/\">don Stefano<\/a> allo 076 497 19 65<\/strong>.<\/p>\n\t\n<\/div>[\/vc_column][\/vc_row]\n<\/section>","protected":false},"excerpt":{"rendered":"<p>[vc_row][vc_column][vc_empty_space][vc_empty_space][\/vc_column][\/vc_row]<\/p>\n","protected":false},"author":1,"featured_media":0,"parent":5672985,"menu_order":0,"comment_status":"closed","ping_status":"closed","template":"","meta":{"footnotes":""},"class_list":["post-5672519","page","type-page","status-publish","hentry"],"_links":{"self":[{"href":"https:\/\/www.centropapagiovanni.ch\/index.php\/wp-json\/wp\/v2\/pages\/5672519","targetHints":{"allow":["GET"]}}],"collection":[{"href":"https:\/\/www.centropapagiovanni.ch\/index.php\/wp-json\/wp\/v2\/pages"}],"about":[{"href":"https:\/\/www.centropapagiovanni.ch\/index.php\/wp-json\/wp\/v2\/types\/page"}],"author":[{"embeddable":true,"href":"https:\/\/www.centropapagiovanni.ch\/index.php\/wp-json\/wp\/v2\/users\/1"}],"replies":[{"embeddable":true,"href":"https:\/\/www.centropapagiovanni.ch\/index.php\/wp-json\/wp\/v2\/comments?post=5672519"}],"version-history":[{"count":9,"href":"https:\/\/www.centropapagiovanni.ch\/index.php\/wp-json\/wp\/v2\/pages\/5672519\/revisions"}],"predecessor-version":[{"id":5674636,"href":"https:\/\/www.centropapagiovanni.ch\/index.php\/wp-json\/wp\/v2\/pages\/5672519\/revisions\/5674636"}],"up":[{"embeddable":true,"href":"https:\/\/www.centropapagiovanni.ch\/index.php\/wp-json\/wp\/v2\/pages\/5672985"}],"wp:attachment":[{"href":"https:\/\/www.centropapagiovanni.ch\/index.php\/wp-json\/wp\/v2\/media?parent=5672519"}],"curies":[{"name":"wp","href":"https:\/\/api.w.org\/{rel}","templated":true}]}}