{"id":5673256,"date":"2024-09-08T06:49:56","date_gmt":"2024-09-08T06:49:56","guid":{"rendered":"https:\/\/cpg.ihub4.dev\/?page_id=5673256"},"modified":"2024-09-14T06:18:38","modified_gmt":"2024-09-14T06:18:38","slug":"centro-papa-giovanni-raeume","status":"publish","type":"page","link":"https:\/\/www.centropapagiovanni.ch\/index.php\/de\/centro-papa-giovanni-raeume\/","title":{"rendered":"Centro Papa Giovanni R\u00e4ume"},"content":{"rendered":"<section class=\"wpb-content-wrapper\">[vc_row][vc_column][vc_empty_space]<div class=\"norebro-heading-sc heading text-left\"\n\tid=\"norebro-custom-69fd5b3f8743e\" \n\t \n\t>\n\t\n\t\t\t<p class=\"subtitle\">\n\t\t\t\t\t<\/p>\n\t\n\t\n\t<h1 class=\"title subtitle-top\">\n\t\tR\u00e4ume\t<\/h1>\n\n\t\n\t\t\n<\/div>[vc_empty_space][\/vc_column][\/vc_row][vc_row][vc_column width=&#8221;1\/2&#8243;]<div class=\"norebro-heading-sc heading text-left\"\n\tid=\"norebro-custom-69fd5b3f874aa\" \n\t \n\t>\n\t\n\t\t\t<p class=\"subtitle\">\n\t\t\t\t\t<\/p>\n\t\n\t\n\t<h3 class=\"title subtitle-top\">\n\t\tPizzeria Concilium\t<\/h3>\n\n\t\n\t\t\n<\/div><div class=\"norebro-text-sc \" \n\tid=\"norebro-custom-69fd5b3f874e7\" \n\t \n\t>\n\n\t<p>Am Wochenende ist auch die Pizzeria \u201eConcilium\u201c, im UG, ge\u00f6ffnet.<\/p>\n<p>Es gibt die M\u00f6glichkeit Pizza zu bestellen und mitzunehmen oder diese vor Ort zu geniessen.<\/p>\n\t\n<\/div>[vc_empty_space][\/vc_column][vc_column width=&#8221;1\/2&#8243;][vc_empty_space][vc_single_image image=&#8221;5673135&#8243; img_size=&#8221;full&#8221; onclick=&#8221;link_image&#8221;][\/vc_column][\/vc_row][vc_row][vc_column width=&#8221;1\/2&#8243;]<div class=\"norebro-heading-sc heading text-left\"\n\tid=\"norebro-custom-69fd5b3f87534\" \n\t \n\t>\n\t\n\t\t\t<p class=\"subtitle\">\n\t\t\t\t\t<\/p>\n\t\n\t\n\t<h3 class=\"title subtitle-top\">\n\t\tFoyer\t<\/h3>\n\n\t\n\t\t\n<\/div><div class=\"norebro-text-sc \" \n\tid=\"norebro-custom-69fd5b3f87573\" \n\t \n\t>\n\n\t<p>Da Foyer befindet sich im Eingangsbereich. Es ist ein idealer Treffpunkt f\u00fcr Ap\u00e9ros und kann auch ohne Saal gemietet werden und bietet bis zu 200 Stehpl\u00e4tze.<\/p>\n<p>Hier stehen eine Kaffeemaschine und K\u00fchlschrank zur Verf\u00fcgung.<\/p>\n<p><strong><a href=\"\/index.php\/de\/raeume-vermieten\/\">Zum Buchungsformular<\/a><\/strong><\/p>\n\t\n<\/div>[vc_empty_space][\/vc_column][vc_column width=&#8221;1\/2&#8243;][vc_empty_space][vc_single_image image=&#8221;5673218&#8243; img_size=&#8221;full&#8221; onclick=&#8221;link_image&#8221;][\/vc_column][\/vc_row][vc_row][vc_column width=&#8221;1\/2&#8243;]<div class=\"norebro-heading-sc heading text-left\"\n\tid=\"norebro-custom-69fd5b3f87599\" \n\t \n\t>\n\t\n\t\t\t<p class=\"subtitle\">\n\t\t\t\t\t<\/p>\n\t\n\t\n\t<h3 class=\"title subtitle-top\">\n\t\tConcilio Ecumenico Vaticano II\t<\/h3>\n\n\t\n\t\t\n<\/div><div class=\"norebro-text-sc \" \n\tid=\"norebro-custom-69fd5b3f875d8\" \n\t \n\t>\n\n\t<p>Der helle und freundliche Saal \u201eConcilio Ecumenico Vaticano II\u201d bietet bei eine Bankettbestuhlung bis zu 400 Sitzpl\u00e4tze und bei einer Theaterbestuhlung bis zu 600 Sitzpl\u00e4tze zur Verf\u00fcgung.<\/p>\n<p>Im Saal befindet sich eine grosee B\u00fchne. An Absprache mit der Leitung kann man auch die b\u00fchnentechnische Anlage dazu mieten.<\/p>\n<p>Veranstaltungen sind bis sp\u00e4testens um 02.00 Uhr beendet.<\/p>\n<p><strong><a href=\"\/index.php\/de\/raeume-vermieten\/\">Zum Buchungsformular<\/a><\/strong><\/p>\n\t\n<\/div>[vc_empty_space][\/vc_column][vc_column width=&#8221;1\/2&#8243;][vc_empty_space][vc_single_image image=&#8221;5673139&#8243; img_size=&#8221;full&#8221; onclick=&#8221;link_image&#8221;][\/vc_column][\/vc_row][vc_row][vc_column width=&#8221;1\/2&#8243;]<div class=\"norebro-heading-sc heading text-left\"\n\tid=\"norebro-custom-69fd5b3f875fb\" \n\t \n\t>\n\t\n\t\t\t<p class=\"subtitle\">\n\t\t\t\t\t<\/p>\n\t\n\t\n\t<h3 class=\"title subtitle-top\">\n\t\tK\u00fcche\t<\/h3>\n\n\t\n\t\t\n<\/div><div class=\"norebro-text-sc \" \n\tid=\"norebro-custom-69fd5b3f87625\" \n\t \n\t>\n\n\t<p>Die modern eingerichtete grosse K\u00fcche eignet sich f\u00fcr die Zubereitung von Speisen bis 400 Personen.<\/p>\n<p><strong><a href=\"\/index.php\/de\/raeume-vermieten\/\">Zum Buchungsformular<\/a><\/strong><\/p>\n\t\n<\/div>[vc_empty_space][\/vc_column][vc_column width=&#8221;1\/2&#8243;][vc_empty_space][vc_single_image image=&#8221;5673140&#8243; img_size=&#8221;full&#8221; onclick=&#8221;link_image&#8221;][\/vc_column][\/vc_row][vc_row][vc_column width=&#8221;1\/2&#8243;]<div class=\"norebro-heading-sc heading text-left\"\n\tid=\"norebro-custom-69fd5b3f87647\" \n\t \n\t>\n\t\n\t\t\t<p class=\"subtitle\">\n\t\t\t\t\t<\/p>\n\t\n\t\n\t<h3 class=\"title subtitle-top\">\n\t\tMater et Magister\t<\/h3>\n\n\t\n\t\t\n<\/div><div class=\"norebro-text-sc \" \n\tid=\"norebro-custom-69fd5b3f8767a\" \n\t \n\t>\n\n\t<p>Im Untergeschoss befindet sich einen weiteren Raum zu vermieten.<\/p>\n<p>Der Saal \u00abMater et Magister\u00bb bietet Platz f\u00fcr Anl\u00e4sse bis zu 40 Personen und verf\u00fcgt \u00fcber eine kleine interne K\u00fcche.<\/p>\n<p>(Essgeschirr ist bis zu 40 Personen vorhanden; sowie technische Hilfsmittel: Bildschirm, Audio etc.)<\/p>\n<p><strong><a href=\"\/index.php\/de\/raeume-vermieten\/\">Zum Buchungsformular<\/a><\/strong><\/p>\n\t\n<\/div>[vc_empty_space][\/vc_column][vc_column width=&#8221;1\/2&#8243;][vc_empty_space][vc_single_image image=&#8221;5673136&#8243; img_size=&#8221;full&#8221; onclick=&#8221;link_image&#8221;][\/vc_column][\/vc_row][vc_row][vc_column width=&#8221;1\/2&#8243;]<div class=\"norebro-heading-sc heading text-left\"\n\tid=\"norebro-custom-69fd5b3f8769a\" \n\t \n\t>\n\t\n\t\t\t<p class=\"subtitle\">\n\t\t\t\t\t<\/p>\n\t\n\t\n\t<h3 class=\"title subtitle-top\">\n\t\tKleine K\u00fcche\t<\/h3>\n\n\t\n\t\t\n<\/div><div class=\"norebro-text-sc \" \n\tid=\"norebro-custom-69fd5b3f876ce\" \n\t \n\t>\n\n\t<p>Die kleine K\u00fcche kann man auch zusammen mit dem Saal \u00abPacem in Terris\u00bb gemietet werden.<\/p>\n<p>Auch hier steht Geschirr f\u00fcr 50 Personen zur Verf\u00fcgung. In der K\u00fcche gibt es folgende Ger\u00e4te: K\u00fchlschrank, Kochherd, Geschirrsp\u00fcler.<\/p>\n<p><strong><a href=\"\/index.php\/de\/raeume-vermieten\/\">Zum Buchungsformular<\/a><\/strong><\/p>\n\t\n<\/div>[vc_empty_space][\/vc_column][vc_column width=&#8221;1\/2&#8243;][vc_empty_space][vc_single_image image=&#8221;5673134&#8243; img_size=&#8221;full&#8221; onclick=&#8221;link_image&#8221;][\/vc_column][\/vc_row][vc_row][vc_column width=&#8221;1\/2&#8243;]<div class=\"norebro-heading-sc heading text-left\"\n\tid=\"norebro-custom-69fd5b3f876ec\" \n\t \n\t>\n\t\n\t\t\t<p class=\"subtitle\">\n\t\t\t\t\t<\/p>\n\t\n\t\n\t<h3 class=\"title subtitle-top\">\n\t\tPacem in Terris\t<\/h3>\n\n\t\n\t\t\n<\/div><div class=\"norebro-text-sc \" \n\tid=\"norebro-custom-69fd5b3f8771d\" \n\t \n\t>\n\n\t<p>Der Saal \u00abPacem in Terris\u00bb ist ideal f\u00fcr kleine Feiern und bietet Platz bis zu 50 Personen.<\/p>\n<p>Anschl\u00fcsse f\u00fcr technische Hilfsmittel sind vorhanden (Beamer, Leinwand, Mikrophon etc.)<\/p>\n<p><strong><a href=\"\/index.php\/de\/raeume-vermieten\/\">Zum Buchungsformular<\/a><\/strong><\/p>\n\t\n<\/div>[vc_empty_space][\/vc_column][vc_column width=&#8221;1\/2&#8243;][vc_empty_space][vc_single_image image=&#8221;5673137&#8243; img_size=&#8221;full&#8221; onclick=&#8221;link_image&#8221;][\/vc_column][\/vc_row]\n<\/section>","protected":false},"excerpt":{"rendered":"<p>[vc_row][vc_column][vc_empty_space][vc_empty_space][\/vc_column][\/vc_row][vc_row][vc_column width=&#8221;1\/2&#8243;][vc_empty_space][\/vc_column][vc_column width=&#8221;1\/2&#8243;][vc_empty_space][vc_single_image image=&#8221;5673135&#8243; img_size=&#8221;full&#8221; onclick=&#8221;link_image&#8221;][\/vc_column][\/vc_row][vc_row][vc_column width=&#8221;1\/2&#8243;][vc_empty_space][\/vc_column][vc_column width=&#8221;1\/2&#8243;][vc_empty_space][vc_single_image image=&#8221;5673218&#8243; img_size=&#8221;full&#8221; onclick=&#8221;link_image&#8221;][\/vc_column][\/vc_row][vc_row][vc_column width=&#8221;1\/2&#8243;][vc_empty_space][\/vc_column][vc_column width=&#8221;1\/2&#8243;][vc_empty_space][vc_single_image image=&#8221;5673139&#8243; img_size=&#8221;full&#8221; onclick=&#8221;link_image&#8221;][\/vc_column][\/vc_row][vc_row][vc_column width=&#8221;1\/2&#8243;][vc_empty_space][\/vc_column][vc_column width=&#8221;1\/2&#8243;][vc_empty_space][vc_single_image image=&#8221;5673140&#8243; img_size=&#8221;full&#8221; onclick=&#8221;link_image&#8221;][\/vc_column][\/vc_row][vc_row][vc_column width=&#8221;1\/2&#8243;][vc_empty_space][\/vc_column][vc_column width=&#8221;1\/2&#8243;][vc_empty_space][vc_single_image image=&#8221;5673136&#8243; img_size=&#8221;full&#8221; onclick=&#8221;link_image&#8221;][\/vc_column][\/vc_row][vc_row][vc_column width=&#8221;1\/2&#8243;][vc_empty_space][\/vc_column][vc_column width=&#8221;1\/2&#8243;][vc_empty_space][vc_single_image image=&#8221;5673134&#8243; img_size=&#8221;full&#8221; onclick=&#8221;link_image&#8221;][\/vc_column][\/vc_row][vc_row][vc_column width=&#8221;1\/2&#8243;][vc_empty_space][\/vc_column][vc_column width=&#8221;1\/2&#8243;][vc_empty_space][vc_single_image image=&#8221;5673137&#8243; img_size=&#8221;full&#8221; onclick=&#8221;link_image&#8221;][\/vc_column][\/vc_row]<\/p>\n","protected":false},"author":1,"featured_media":0,"parent":0,"menu_order":0,"comment_status":"closed","ping_status":"closed","template":"","meta":{"footnotes":""},"class_list":["post-5673256","page","type-page","status-publish","hentry"],"_links":{"self":[{"href":"https:\/\/www.centropapagiovanni.ch\/index.php\/wp-json\/wp\/v2\/pages\/5673256","targetHints":{"allow":["GET"]}}],"collection":[{"href":"https:\/\/www.centropapagiovanni.ch\/index.php\/wp-json\/wp\/v2\/pages"}],"about":[{"href":"https:\/\/www.centropapagiovanni.ch\/index.php\/wp-json\/wp\/v2\/types\/page"}],"author":[{"embeddable":true,"href":"https:\/\/www.centropapagiovanni.ch\/index.php\/wp-json\/wp\/v2\/users\/1"}],"replies":[{"embeddable":true,"href":"https:\/\/www.centropapagiovanni.ch\/index.php\/wp-json\/wp\/v2\/comments?post=5673256"}],"version-history":[{"count":8,"href":"https:\/\/www.centropapagiovanni.ch\/index.php\/wp-json\/wp\/v2\/pages\/5673256\/revisions"}],"predecessor-version":[{"id":5673318,"href":"https:\/\/www.centropapagiovanni.ch\/index.php\/wp-json\/wp\/v2\/pages\/5673256\/revisions\/5673318"}],"wp:attachment":[{"href":"https:\/\/www.centropapagiovanni.ch\/index.php\/wp-json\/wp\/v2\/media?parent=5673256"}],"curies":[{"name":"wp","href":"https:\/\/api.w.org\/{rel}","templated":true}]}}