{"id":5673273,"date":"2024-09-08T07:51:28","date_gmt":"2024-09-08T07:51:28","guid":{"rendered":"https:\/\/cpg.ihub4.dev\/?page_id=5673273"},"modified":"2024-09-10T09:55:21","modified_gmt":"2024-09-10T09:55:21","slug":"unsere-gruppierungen","status":"publish","type":"page","link":"https:\/\/www.centropapagiovanni.ch\/index.php\/de\/unsere-gruppierungen\/","title":{"rendered":"Unsere Gruppierungen"},"content":{"rendered":"<section class=\"wpb-content-wrapper\">[vc_row][vc_column]<div class=\"norebro-heading-sc heading text-left\"\n\tid=\"norebro-custom-69fd4bd153b7b\" \n\t \n\t>\n\t\n\t\t\t<p class=\"subtitle\">\n\t\t\t\t\t<\/p>\n\t\n\t\n\t<h1 class=\"title subtitle-top\">\n\t\tUnsere Gruppierungen\t<\/h1>\n\n\t\n\t\t\n<\/div>[vc_empty_space]<div class=\"norebro-text-sc \" \n\tid=\"norebro-custom-69fd4bd153cc8\" \n\t \n\t>\n\n\t<p><strong>OrAtOrIO<\/strong><br \/>\nSeit einigen Jahren haben wir in unserer Mission die Ehre, mit mehreren Familien gemeinsam auf dem Weg zu sein. Das OrAtOrIo ist so lebendig, gerade dank des Beitrags so vieler bereitwilliger M\u00fctter. Gemeinsam mit ihnen planen wir die verschiedenen Aktivit\u00e4ten.<br \/>\nWir treffen uns jeden Mittwoch f\u00fcr M\u00fctter und Kinder im Alter von 0-11 Jahren von ca. 14-17 Uhr im Centro Papa Giovanni<br \/>\nF\u00fcr die \u201eTeens\u201c im Alter von 12-16 Jahren treffen wir uns jeden Freitag von ca. 20.00-22.00 Uhr im Centro Papa Giovanni<br \/>\nF\u00fcr weitere Informationen k\u00f6nnen Sie Maria Carminitana per E-Mail kontaktieren.<\/p>\n<p><strong>Ministranten<\/strong><br \/>\nDiese Gruppe besteht aus etwa 25 Jungen\/M\u00e4dchen, die jeden Sonntag und an Festtagen einen liturgischen Dienst verrichten, indem sie w\u00e4hrend der Heiligen Messen am Altar dienen. Die Jungen\/M\u00e4dchen treffen sich auch im Laufe des Jahres zu einigen liturgischen Veranstaltungen, nehmen aber auch am Jahresausflug und an verschiedenen Freizeitaktivit\u00e4ten teil, die von den Koordinatoren vorgeschlagen werden.<\/p>\n<p><strong>Diakonie<\/strong><br \/>\nMehrere bereitwillige Menschen verpflichten sich, regelm\u00e4ssig und mit grossem Einf\u00fchlungsverm\u00f6gen und Respekt kranke und alte Menschen in Spit\u00e4lern, Pflege- und Altersheimen im ganzen Kanton zu besuchen. Indem sie Hilfe und moralischen Trost bringen, geben sie ein grosses Zeugnis der N\u00e4chstenliebe. F\u00fcr Informationen wenden Sie sich bitte an don Stefano oder Giuseppe Mastrorocco.<\/p>\n<p><strong>Jugendgruppe<\/strong><br \/>\nDie Jugendgruppe besteht aus einer grossen Gruppe junger Menschen im Alter zwischen 16 und 30 Jahren. Sie hat einen Vorstand, der aus Jugendlichen besteht, mit denen im Laufe des Pastoraljahres verschiedene Aktivit\u00e4ten geplant werden. Die Jugendgruppe trifft sich jeden Sonntag um 18 Uhr im Centro Papa Giovanni.<\/p>\n<p><strong><br \/>\nSeniorengruppierungen<\/strong><br \/>\n<strong><br \/>\nLuzern<\/strong><br \/>\nEs handelt sich um eine Gruppe, die allen Rentnerinnen und Rentnern offen steht, die in der Stadt Luzern und in den Nachbargemeinden wohnen. Die Gruppe besteht aus rund 30 Personen und trifft sich einmal w\u00f6chentlich am Donnerstagnachmittag von 14.00 bis 17.00 Uhr in der Pfarrei St. Paulus in Luzern. Don Stefano zelebriert monatlich die Eucharistie und sorgt auch f\u00fcr einige gestalterische Momente.<br \/>\nZiel ist es, die Begegnung von Menschen im dritten Lebensalter zu f\u00f6rdern, die ein paar Stunden in Gelassenheit und Freude miteinander verbringen k\u00f6nnen. Durch Begegnungen mit Experten, Filmvorf\u00fchrungen, Debatten und F\u00fchrungen haben die Teilnehmer auch die M\u00f6glichkeit, ihre kulturelle und religi\u00f6se Bildung zu verbessern.<br \/>\nDie Rentnergruppe wird von einem Vorstand geleitet, der die Aufgabe hat, das Programm der Aktivit\u00e4ten, die w\u00e4hrend der Treffen durchgef\u00fchrt werden, vorzuschlagen und zu gestalten.<br \/>\nDie Kontaktpersonen f\u00fcr die Luzerner Rentnergruppe sind: Angelo Farina und Schwester Selvije.<\/p>\n<p><strong>Emmenbr\u00fccke<\/strong><br \/>\nEs handelt sich um eine sehr grosse Gruppe von 80 Personen, die sich in der Regel am Dienstagnachmittag ab 14 Uhr in unserem Centro Papa Giovanni trifft. Bei diesen Treffen haben die Rentnerinnen und Rentner die M\u00f6glichkeit, ein paar Stunden in guter Gesellschaft zu verbringen, zu spielen, Spass zu haben und dank der vielen Initiativen, die die Gruppe im Laufe des Jahres durchf\u00fchrt, darunter ein Kurs f\u00fcr Haltungsgymnastik, viel Neues kennenzulernen und zu lernen. Monatlich feiert don Stefano die Eucharistie und sorgt f\u00fcr einige pr\u00e4gende Momente. Die Gruppe wird von einem Vorstand geleitet: F\u00fcr weitere Informationen k\u00f6nnen Sie sich an Schwester Selvije wenden.<\/p>\n<p><strong>Reiden<\/strong><br \/>\nDie Seniorengruppe Reiden besteht aus etwa dreissig Personen, die sich an einem Montag im Monat treffen. Sie wird von einem Vorstand geleitet, der Momente der Freundschaft, des Dialogs, der Freizeit, der Spiritualit\u00e4t und der Reflexion f\u00f6rdert. Die Treffen beginnen mit einer Gebetszeit und werden jedes Mal mit einer anderen Aktivit\u00e4t fortgesetzt. Ziel ist es, den vielen Rentnern, die sich an unsere Mission wenden, eine Gelegenheit zu bieten, sich zu treffen: eine Verbindung zwischen den Menschen zu schaffen, ihnen die M\u00f6glichkeit zu geben, sich zu unterhalten und Erfahrungen, Freuden und Sorgen des Lebens auszutauschen.<br \/>\nF\u00fcr weitere Informationen wenden Sie sich bitte an Schwester Selvije.<\/p>\n<p><strong>Jugendchor \u201eLe Note Libere\u201c<\/strong><\/p>\n<p>Es handelt sich um einen Chor, der sich haupts\u00e4chlich aus jungen Frauen zusammensetzt und der die Liturgie und andere festliche Anl\u00e4sse unserer Gemeinde mit modernerer und rhythmischer Musik und Liedern belebt. Er trifft sich jeden Montagabend um 19.30 Uhr zur Probe im Centro Papa Giovanni. F\u00fcr weitere Informationen wenden Sie sich bitte an Schwester Selvije.<\/p>\n<p><strong>Chor MCLI Papa Giovanni XXIII<\/strong><br \/>\nDieser Chor hat eine lange Tradition in unserer Missionsgemeinschaft. Zur Freude der Gl\u00e4ubigen belebt er mit geistlicher Musik und sch\u00f6nem Gesang viele unserer feierlichen und festlichen Liturgien im Laufe des liturgischen Jahres. Die Proben finden jeden Freitagabend um 19.45 Uhr im Centro Papa Giovanni statt. F\u00fcr weitere Informationen wenden Sie sich bitte an den Organisten und Dirigenten Maestro Salvatore Car\u00e9.<\/p>\n<p><strong>Frauengruppe<\/strong><br \/>\nDie Frauengruppe besteht bereits seit einigen Jahren. Sie trifft sich an zwei Freitagen im Monat im Centro Papa Giovanni.<br \/>\nSie machen ein bisschen von allem, von Dekorationsarbeiten bis zum Kochen. Bei jedem Treffen machen sie verschiedene Freizeitaktivit\u00e4ten. Es ist sch\u00f6n, zusammen zu sein und ein paar unbeschwerte Stunden zu verbringen. F\u00fcr weitere Informationen wenden Sie sich bitte an Schwester Selvije.<br \/>\nDar\u00fcber hinaus gibt es ein monatliches \u201eoffenes Treffen f\u00fcr alle Frauen\u201c jeden Alters, bei dem auch versucht wird, einen Fachmann hinzuzuziehen, z. B. einen Psychologen oder Gyn\u00e4kologen etc.<\/p>\n<p><strong>Gruppo Dinamico<\/strong><br \/>\nDie \u00abDynamische Gruppe\u00bb sorgt daf\u00fcr, dass das Fest nach der Eucharistiefeier weitergehen kann. Sie besteht aus etwa vierzig Freiwilligen, M\u00e4nnern und Frauen, die sich daf\u00fcr einsetzen, den Gl\u00e4ubigen nach den Sonntagsmessen oder am Ende anderer besonderer und bedeutender Ereignisse im Leben unserer Mission einen Aperitif zuzubereiten und zu servieren.<br \/>\nDiese Gruppe ist offen f\u00fcr alle Menschen guten Willens, die einen Teil ihrer Freizeit in den Dienst des N\u00e4chsten stellen m\u00f6chten. Interessenten k\u00f6nnen sich direkt an Don Stefano wenden.<\/p>\n<p><strong>Die Mittwochsgruppe<\/strong><br \/>\nDiese Gruppe wurde 2009 gegr\u00fcndet und entstand aus dem Bed\u00fcrfnis einiger Menschen aus unserer Gemeinschaft, sich zu treffen und einen Teil ihrer Freizeit anders zu verbringen. Die Gruppe besteht aus rund 30 Personen (Italiener, Schweizer, Portugiesen und Spanier), die sich mit viel Enthusiasmus und gutem Willen jeden Mittwoch ab 14.30 Uhr im Pfarreizentrum Sursee treffen. Wir treffen uns in einer heiteren Atmosph\u00e4re, ohne Vorurteile und mit der Absicht, uns gegenseitig an K\u00f6rper und Geist zu bereichern. In der Tat bietet die Gruppe jeden Monat viele n\u00fctzliche und kreative Momente: Wir halten uns mit Gymnastik fit, wir schulen unseren Geist mit Lekt\u00fcre, kulturellen, medizinischen, regionalen und religi\u00f6sen Einblicken, wir singen und nat\u00fcrlich darf auch der gastronomische Teil &#8211; gutes Essen &#8211; nicht fehlen. F\u00fcr Informationen wenden Sie sich bitte an Don Stefano.<\/p>\n\t\n<\/div>[\/vc_column][\/vc_row]\n<\/section>","protected":false},"excerpt":{"rendered":"<p>[vc_row][vc_column][vc_empty_space][\/vc_column][\/vc_row]<\/p>\n","protected":false},"author":1,"featured_media":0,"parent":0,"menu_order":0,"comment_status":"closed","ping_status":"closed","template":"","meta":{"footnotes":""},"class_list":["post-5673273","page","type-page","status-publish","hentry"],"_links":{"self":[{"href":"https:\/\/www.centropapagiovanni.ch\/index.php\/wp-json\/wp\/v2\/pages\/5673273","targetHints":{"allow":["GET"]}}],"collection":[{"href":"https:\/\/www.centropapagiovanni.ch\/index.php\/wp-json\/wp\/v2\/pages"}],"about":[{"href":"https:\/\/www.centropapagiovanni.ch\/index.php\/wp-json\/wp\/v2\/types\/page"}],"author":[{"embeddable":true,"href":"https:\/\/www.centropapagiovanni.ch\/index.php\/wp-json\/wp\/v2\/users\/1"}],"replies":[{"embeddable":true,"href":"https:\/\/www.centropapagiovanni.ch\/index.php\/wp-json\/wp\/v2\/comments?post=5673273"}],"version-history":[{"count":3,"href":"https:\/\/www.centropapagiovanni.ch\/index.php\/wp-json\/wp\/v2\/pages\/5673273\/revisions"}],"predecessor-version":[{"id":5673305,"href":"https:\/\/www.centropapagiovanni.ch\/index.php\/wp-json\/wp\/v2\/pages\/5673273\/revisions\/5673305"}],"wp:attachment":[{"href":"https:\/\/www.centropapagiovanni.ch\/index.php\/wp-json\/wp\/v2\/media?parent=5673273"}],"curies":[{"name":"wp","href":"https:\/\/api.w.org\/{rel}","templated":true}]}}